{"id":18763,"date":"2022-12-14T10:18:15","date_gmt":"2022-12-14T10:18:15","guid":{"rendered":"https:\/\/www.algoazul.pt\/loja\/creme-de-alta-tolerancia\/"},"modified":"2022-12-14T10:18:15","modified_gmt":"2022-12-14T10:18:15","slug":"creme-de-alta-tolerancia","status":"publish","type":"product","link":"https:\/\/www.algoazul.pt\/en\/loja\/creme-de-alta-tolerancia\/","title":{"rendered":"Creme de Alta Toler\u00e2ncia"},"content":{"rendered":"","protected":false},"excerpt":{"rendered":"<p class=\"font_8\">Especialmente formulado para peles sens\u00edveis. Proporciona uma sensa\u00e7\u00e3o confort\u00e1vel de calma e relaxamento. Suaviza a pele. Tamb\u00e9m pode ser aplicado na \u00e1rea dos olhos.<\/p>\n<p class=\"font_8\"><span class=\"wixGuard\">\u200b<\/span><\/p>\n","protected":false},"featured_media":18726,"comment_status":"open","ping_status":"closed","template":"","meta":[],"product_cat":[178],"product_tag":[],"class_list":{"0":"post-18763","1":"product","2":"type-product","3":"status-publish","4":"has-post-thumbnail","6":"product_cat-phytaqua-en","8":"first","9":"instock","10":"downloadable","11":"shipping-taxable","12":"purchasable","13":"product-type-simple"},"yoast_head":"<!-- This site is optimized with the Yoast SEO plugin v27.3 - https:\/\/yoast.com\/product\/yoast-seo-wordpress\/ -->\n<title>Creme de Alta Toler\u00e2ncia - Algo Azul Spa Madeira | Spa Funchal | Massage Funchal<\/title>\n<meta name=\"robots\" content=\"index, follow, max-snippet:-1, max-image-preview:large, max-video-preview:-1\" \/>\n<link rel=\"canonical\" href=\"https:\/\/www.algoazul.pt\/en\/loja\/creme-de-alta-tolerancia\/\" \/>\n<meta property=\"og:locale\" content=\"en_US\" \/>\n<meta property=\"og:type\" content=\"article\" \/>\n<meta property=\"og:title\" content=\"Creme de Alta Toler\u00e2ncia - Algo Azul Spa Madeira | Spa Funchal | Massage Funchal\" \/>\n<meta property=\"og:description\" content=\"Especialmente formulado para peles sens\u00edveis. Proporciona uma sensa\u00e7\u00e3o confort\u00e1vel de calma e relaxamento. Suaviza a pele. Tamb\u00e9m pode ser aplicado na \u00e1rea dos olhos. \u200b\" \/>\n<meta property=\"og:url\" content=\"https:\/\/www.algoazul.pt\/en\/loja\/creme-de-alta-tolerancia\/\" \/>\n<meta property=\"og:site_name\" content=\"Algo Azul Spa Madeira | Spa Funchal | Massage Funchal\" \/>\n<meta name=\"twitter:card\" content=\"summary_large_image\" \/>\n<script type=\"application\/ld+json\" class=\"yoast-schema-graph\">{\"@context\":\"https:\\\/\\\/schema.org\",\"@graph\":[{\"@type\":\"WebPage\",\"@id\":\"https:\\\/\\\/www.algoazul.pt\\\/en\\\/loja\\\/creme-de-alta-tolerancia\\\/\",\"url\":\"https:\\\/\\\/www.algoazul.pt\\\/en\\\/loja\\\/creme-de-alta-tolerancia\\\/\",\"name\":\"Creme de Alta Toler\u00e2ncia - Algo Azul Spa Madeira | Spa Funchal | Massage Funchal\",\"isPartOf\":{\"@id\":\"https:\\\/\\\/www.algoazul.pt\\\/#website\"},\"primaryImageOfPage\":{\"@id\":\"https:\\\/\\\/www.algoazul.pt\\\/en\\\/loja\\\/creme-de-alta-tolerancia\\\/#primaryimage\"},\"image\":{\"@id\":\"https:\\\/\\\/www.algoazul.pt\\\/en\\\/loja\\\/creme-de-alta-tolerancia\\\/#primaryimage\"},\"thumbnailUrl\":\"https:\\\/\\\/www.algoazul.pt\\\/wp-content\\\/uploads\\\/2022\\\/12\\\/Creme-de-Alta-Tolerancia.jpg\",\"datePublished\":\"2022-12-14T10:18:15+00:00\",\"breadcrumb\":{\"@id\":\"https:\\\/\\\/www.algoazul.pt\\\/en\\\/loja\\\/creme-de-alta-tolerancia\\\/#breadcrumb\"},\"inLanguage\":\"en-US\",\"potentialAction\":[{\"@type\":\"ReadAction\",\"target\":[\"https:\\\/\\\/www.algoazul.pt\\\/en\\\/loja\\\/creme-de-alta-tolerancia\\\/\"]}]},{\"@type\":\"ImageObject\",\"inLanguage\":\"en-US\",\"@id\":\"https:\\\/\\\/www.algoazul.pt\\\/en\\\/loja\\\/creme-de-alta-tolerancia\\\/#primaryimage\",\"url\":\"https:\\\/\\\/www.algoazul.pt\\\/wp-content\\\/uploads\\\/2022\\\/12\\\/Creme-de-Alta-Tolerancia.jpg\",\"contentUrl\":\"https:\\\/\\\/www.algoazul.pt\\\/wp-content\\\/uploads\\\/2022\\\/12\\\/Creme-de-Alta-Tolerancia.jpg\",\"width\":800,\"height\":591},{\"@type\":\"BreadcrumbList\",\"@id\":\"https:\\\/\\\/www.algoazul.pt\\\/en\\\/loja\\\/creme-de-alta-tolerancia\\\/#breadcrumb\",\"itemListElement\":[{\"@type\":\"ListItem\",\"position\":1,\"name\":\"In\u00edcio\",\"item\":\"https:\\\/\\\/www.algoazul.pt\\\/en\\\/\"},{\"@type\":\"ListItem\",\"position\":2,\"name\":\"Loja\",\"item\":\"https:\\\/\\\/www.algoazul.pt\\\/loja\\\/\"},{\"@type\":\"ListItem\",\"position\":3,\"name\":\"Creme de Alta Toler\u00e2ncia\"}]},{\"@type\":\"WebSite\",\"@id\":\"https:\\\/\\\/www.algoazul.pt\\\/#website\",\"url\":\"https:\\\/\\\/www.algoazul.pt\\\/\",\"name\":\"Algo Azul Spa Madeira | Spa Funchal | Massage Funchal\",\"description\":\"\",\"publisher\":{\"@id\":\"https:\\\/\\\/www.algoazul.pt\\\/#organization\"},\"potentialAction\":[{\"@type\":\"SearchAction\",\"target\":{\"@type\":\"EntryPoint\",\"urlTemplate\":\"https:\\\/\\\/www.algoazul.pt\\\/?s={search_term_string}\"},\"query-input\":{\"@type\":\"PropertyValueSpecification\",\"valueRequired\":true,\"valueName\":\"search_term_string\"}}],\"inLanguage\":\"en-US\"},{\"@type\":\"Organization\",\"@id\":\"https:\\\/\\\/www.algoazul.pt\\\/#organization\",\"name\":\"Algo Azul Spa Madeira | Spa Funchal | Massage Funchal\",\"url\":\"https:\\\/\\\/www.algoazul.pt\\\/\",\"logo\":{\"@type\":\"ImageObject\",\"inLanguage\":\"en-US\",\"@id\":\"https:\\\/\\\/www.algoazul.pt\\\/#\\\/schema\\\/logo\\\/image\\\/\",\"url\":\"https:\\\/\\\/www.algoazul.pt\\\/wp-content\\\/uploads\\\/2022\\\/12\\\/logo.png\",\"contentUrl\":\"https:\\\/\\\/www.algoazul.pt\\\/wp-content\\\/uploads\\\/2022\\\/12\\\/logo.png\",\"width\":190,\"height\":97,\"caption\":\"Algo Azul Spa Madeira | Spa Funchal | Massage Funchal\"},\"image\":{\"@id\":\"https:\\\/\\\/www.algoazul.pt\\\/#\\\/schema\\\/logo\\\/image\\\/\"}}]}<\/script>\n<!-- \/ Yoast SEO plugin. -->","yoast_head_json":{"title":"Creme de Alta Toler\u00e2ncia - Algo Azul Spa Madeira | Spa Funchal | Massage Funchal","robots":{"index":"index","follow":"follow","max-snippet":"max-snippet:-1","max-image-preview":"max-image-preview:large","max-video-preview":"max-video-preview:-1"},"canonical":"https:\/\/www.algoazul.pt\/en\/loja\/creme-de-alta-tolerancia\/","og_locale":"en_US","og_type":"article","og_title":"Creme de Alta Toler\u00e2ncia - Algo Azul Spa Madeira | Spa Funchal | Massage Funchal","og_description":"Especialmente formulado para peles sens\u00edveis. Proporciona uma sensa\u00e7\u00e3o confort\u00e1vel de calma e relaxamento. Suaviza a pele. Tamb\u00e9m pode ser aplicado na \u00e1rea dos olhos. \u200b","og_url":"https:\/\/www.algoazul.pt\/en\/loja\/creme-de-alta-tolerancia\/","og_site_name":"Algo Azul Spa Madeira | Spa Funchal | Massage Funchal","twitter_card":"summary_large_image","schema":{"@context":"https:\/\/schema.org","@graph":[{"@type":"WebPage","@id":"https:\/\/www.algoazul.pt\/en\/loja\/creme-de-alta-tolerancia\/","url":"https:\/\/www.algoazul.pt\/en\/loja\/creme-de-alta-tolerancia\/","name":"Creme de Alta Toler\u00e2ncia - Algo Azul Spa Madeira | Spa Funchal | Massage Funchal","isPartOf":{"@id":"https:\/\/www.algoazul.pt\/#website"},"primaryImageOfPage":{"@id":"https:\/\/www.algoazul.pt\/en\/loja\/creme-de-alta-tolerancia\/#primaryimage"},"image":{"@id":"https:\/\/www.algoazul.pt\/en\/loja\/creme-de-alta-tolerancia\/#primaryimage"},"thumbnailUrl":"https:\/\/www.algoazul.pt\/wp-content\/uploads\/2022\/12\/Creme-de-Alta-Tolerancia.jpg","datePublished":"2022-12-14T10:18:15+00:00","breadcrumb":{"@id":"https:\/\/www.algoazul.pt\/en\/loja\/creme-de-alta-tolerancia\/#breadcrumb"},"inLanguage":"en-US","potentialAction":[{"@type":"ReadAction","target":["https:\/\/www.algoazul.pt\/en\/loja\/creme-de-alta-tolerancia\/"]}]},{"@type":"ImageObject","inLanguage":"en-US","@id":"https:\/\/www.algoazul.pt\/en\/loja\/creme-de-alta-tolerancia\/#primaryimage","url":"https:\/\/www.algoazul.pt\/wp-content\/uploads\/2022\/12\/Creme-de-Alta-Tolerancia.jpg","contentUrl":"https:\/\/www.algoazul.pt\/wp-content\/uploads\/2022\/12\/Creme-de-Alta-Tolerancia.jpg","width":800,"height":591},{"@type":"BreadcrumbList","@id":"https:\/\/www.algoazul.pt\/en\/loja\/creme-de-alta-tolerancia\/#breadcrumb","itemListElement":[{"@type":"ListItem","position":1,"name":"In\u00edcio","item":"https:\/\/www.algoazul.pt\/en\/"},{"@type":"ListItem","position":2,"name":"Loja","item":"https:\/\/www.algoazul.pt\/loja\/"},{"@type":"ListItem","position":3,"name":"Creme de Alta Toler\u00e2ncia"}]},{"@type":"WebSite","@id":"https:\/\/www.algoazul.pt\/#website","url":"https:\/\/www.algoazul.pt\/","name":"Algo Azul Spa Madeira | Spa Funchal | Massage Funchal","description":"","publisher":{"@id":"https:\/\/www.algoazul.pt\/#organization"},"potentialAction":[{"@type":"SearchAction","target":{"@type":"EntryPoint","urlTemplate":"https:\/\/www.algoazul.pt\/?s={search_term_string}"},"query-input":{"@type":"PropertyValueSpecification","valueRequired":true,"valueName":"search_term_string"}}],"inLanguage":"en-US"},{"@type":"Organization","@id":"https:\/\/www.algoazul.pt\/#organization","name":"Algo Azul Spa Madeira | Spa Funchal | Massage Funchal","url":"https:\/\/www.algoazul.pt\/","logo":{"@type":"ImageObject","inLanguage":"en-US","@id":"https:\/\/www.algoazul.pt\/#\/schema\/logo\/image\/","url":"https:\/\/www.algoazul.pt\/wp-content\/uploads\/2022\/12\/logo.png","contentUrl":"https:\/\/www.algoazul.pt\/wp-content\/uploads\/2022\/12\/logo.png","width":190,"height":97,"caption":"Algo Azul Spa Madeira | Spa Funchal | Massage Funchal"},"image":{"@id":"https:\/\/www.algoazul.pt\/#\/schema\/logo\/image\/"}}]}},"_links":{"self":[{"href":"https:\/\/www.algoazul.pt\/en\/wp-json\/wp\/v2\/product\/18763","targetHints":{"allow":["GET"]}}],"collection":[{"href":"https:\/\/www.algoazul.pt\/en\/wp-json\/wp\/v2\/product"}],"about":[{"href":"https:\/\/www.algoazul.pt\/en\/wp-json\/wp\/v2\/types\/product"}],"replies":[{"embeddable":true,"href":"https:\/\/www.algoazul.pt\/en\/wp-json\/wp\/v2\/comments?post=18763"}],"wp:featuredmedia":[{"embeddable":true,"href":"https:\/\/www.algoazul.pt\/en\/wp-json\/wp\/v2\/media\/18726"}],"wp:attachment":[{"href":"https:\/\/www.algoazul.pt\/en\/wp-json\/wp\/v2\/media?parent=18763"}],"wp:term":[{"taxonomy":"product_cat","embeddable":true,"href":"https:\/\/www.algoazul.pt\/en\/wp-json\/wp\/v2\/product_cat?post=18763"},{"taxonomy":"product_tag","embeddable":true,"href":"https:\/\/www.algoazul.pt\/en\/wp-json\/wp\/v2\/product_tag?post=18763"}],"curies":[{"name":"wp","href":"https:\/\/api.w.org\/{rel}","templated":true}]}}