{"id":19790,"date":"2022-12-02T20:22:12","date_gmt":"2022-12-02T20:22:12","guid":{"rendered":"https:\/\/www.algoazul.pt\/blog\/"},"modified":"2023-01-25T10:45:00","modified_gmt":"2023-01-25T10:45:00","slug":"blog","status":"publish","type":"page","link":"https:\/\/www.algoazul.pt\/en\/blog\/","title":{"rendered":"Blog"},"content":{"rendered":"\t\t<div data-elementor-type=\"wp-page\" data-elementor-id=\"19790\" class=\"elementor elementor-19790 elementor-12\" data-elementor-post-type=\"page\">\n\t\t\t\t\t\t<section class=\"elementor-section elementor-top-section elementor-element elementor-element-ad0528f elementor-section-boxed elementor-section-height-default elementor-section-height-default\" data-id=\"ad0528f\" data-element_type=\"section\">\n\t\t\t\t\t\t<div class=\"elementor-container elementor-column-gap-default\">\n\t\t\t\t\t<div class=\"elementor-column elementor-col-100 elementor-top-column elementor-element elementor-element-08bb4f8\" data-id=\"08bb4f8\" data-element_type=\"column\">\n\t\t\t<div class=\"elementor-widget-wrap elementor-element-populated\">\n\t\t\t\t\t\t<div class=\"elementor-element elementor-element-56615ec thim-ekits-post__thumbnail-position-top elementor-widget elementor-widget-thim-ekits-list-blog\" data-id=\"56615ec\" data-element_type=\"widget\" data-widget_type=\"thim-ekits-list-blog.default\">\n\t\t\t\t<div class=\"elementor-widget-container\">\n\t\t\t\t\t\t<div class=\"thim-ekits-post\">\n\t\t\t\t<div class=\"thim-ekits-post__inner\">\n\t\t\t\t\t\t\t<div class=\"thim-ekits-post__article post-19796 post type-post status-publish format-standard has-post-thumbnail hentry category-blog-en\">\n\t\t\t\t\t\t\t\t\t<div class=\"thim-ekits-post__thumbnail\">\n\t\t\t<a class=\"post-thumbnail\"\n\t\t\t   href=\"https:\/\/www.algoazul.pt\/en\/what-is-the-sauna-and-its-benefits\/\" >\n\t\t\t\t<img fetchpriority=\"high\" decoding=\"async\" width=\"300\" height=\"261\" src=\"https:\/\/www.algoazul.pt\/wp-content\/uploads\/2023\/01\/spa-300x261.jpeg\" class=\"attachment-medium size-medium wp-image-19776\" alt=\"\" srcset=\"https:\/\/www.algoazul.pt\/wp-content\/uploads\/2023\/01\/spa-300x261.jpeg 300w, https:\/\/www.algoazul.pt\/wp-content\/uploads\/2023\/01\/spa-1024x890.jpeg 1024w, https:\/\/www.algoazul.pt\/wp-content\/uploads\/2023\/01\/spa-768x668.jpeg 768w, https:\/\/www.algoazul.pt\/wp-content\/uploads\/2023\/01\/spa-600x522.jpeg 600w, https:\/\/www.algoazul.pt\/wp-content\/uploads\/2023\/01\/spa.jpeg 1285w\" sizes=\"(max-width: 300px) 100vw, 300px\" \/>\t\t\t<\/a>\n\t\t\t\t\t<\/div>\n\t\t\n\t\t\t\t\t\t<div class=\"thim-ekits-post__content\">\n\t\t\t\t<h3 class=\"thim-ekits-post__title\">\n\t\t<a href=\"https:\/\/www.algoazul.pt\/en\/what-is-the-sauna-and-its-benefits\/\" >\n\t\t\tWhat is the Sauna and its benefits?\t\t<\/a>\n\t\t<\/h3>\n\t\t \t\t<div class=\"thim-ekits-post__meta elementor-repeater-item-4f8d257 m-psi-start \">\n\t\t\t\n\t\t<span class=\"thim-ekits-post__date\">\n\t\t\t\t\t\tJanuary 25, 2023\t\t<\/span>\n\n\t\t\t\t<\/div>\n\n\t\t\n\t\t<div class=\"thim-ekits-post__excerpt\">\n\t\t\tThe sauna consists of being closed for some time in a reduced space and in a dry atmosphere that can reach very high temperatures (over...\t\t<\/div>\n\n\t\t\t\t<a class=\"thim-ekits-post__read-more\"\n\t\t   href=\"https:\/\/www.algoazul.pt\/en\/what-is-the-sauna-and-its-benefits\/\" >\n\t\t\tRead More \u00bb\t\t\t\t\t<\/a>\n\t\t\t\t<\/div>\n\t\t\t\t\t\t\t<\/div>\n\t\t\t\t<div class=\"thim-ekits-post__article post-19912 post type-post status-publish format-standard has-post-thumbnail hentry category-blog-en tag-reflexologia-en\">\n\t\t\t\t\t\t\t\t\t<div class=\"thim-ekits-post__thumbnail\">\n\t\t\t<a class=\"post-thumbnail\"\n\t\t\t   href=\"https:\/\/www.algoazul.pt\/en\/reflexology-the-pressure-that-heals\/\" >\n\t\t\t\t<img decoding=\"async\" width=\"300\" height=\"216\" src=\"https:\/\/www.algoazul.pt\/wp-content\/uploads\/2023\/02\/reflexologia3-300x216.jpg\" class=\"attachment-medium size-medium wp-image-19906\" alt=\"\" srcset=\"https:\/\/www.algoazul.pt\/wp-content\/uploads\/2023\/02\/reflexologia3-300x216.jpg 300w, https:\/\/www.algoazul.pt\/wp-content\/uploads\/2023\/02\/reflexologia3-1024x738.jpg 1024w, https:\/\/www.algoazul.pt\/wp-content\/uploads\/2023\/02\/reflexologia3-768x554.jpg 768w, https:\/\/www.algoazul.pt\/wp-content\/uploads\/2023\/02\/reflexologia3-600x433.jpg 600w, https:\/\/www.algoazul.pt\/wp-content\/uploads\/2023\/02\/reflexologia3.jpg 1200w\" sizes=\"(max-width: 300px) 100vw, 300px\" \/>\t\t\t<\/a>\n\t\t\t\t\t<\/div>\n\t\t\n\t\t\t\t\t\t<div class=\"thim-ekits-post__content\">\n\t\t\t\t<h3 class=\"thim-ekits-post__title\">\n\t\t<a href=\"https:\/\/www.algoazul.pt\/en\/reflexology-the-pressure-that-heals\/\" >\n\t\t\tReflexology, the pressure that heals\t\t<\/a>\n\t\t<\/h3>\n\t\t \t\t<div class=\"thim-ekits-post__meta elementor-repeater-item-4f8d257 m-psi-start \">\n\t\t\t\n\t\t<span class=\"thim-ekits-post__date\">\n\t\t\t\t\t\tFebruary 17, 2023\t\t<\/span>\n\n\t\t\t\t<\/div>\n\n\t\t\n\t\t<div class=\"thim-ekits-post__excerpt\">\n\t\t\tReflexology is an ancient oriental massage technique that is increasingly sought after all over the world. It has no contraindications and can be applied to...\t\t<\/div>\n\n\t\t\t\t<a class=\"thim-ekits-post__read-more\"\n\t\t   href=\"https:\/\/www.algoazul.pt\/en\/reflexology-the-pressure-that-heals\/\" >\n\t\t\tRead More \u00bb\t\t\t\t\t<\/a>\n\t\t\t\t<\/div>\n\t\t\t\t\t\t\t<\/div>\n\t\t\t\t<div class=\"thim-ekits-post__article post-19948 post type-post status-publish format-standard has-post-thumbnail hentry category-blog-en tag-sports-massage\">\n\t\t\t\t\t\t\t\t\t<div class=\"thim-ekits-post__thumbnail\">\n\t\t\t<a class=\"post-thumbnail\"\n\t\t\t   href=\"https:\/\/www.algoazul.pt\/en\/what-is-sports-massage-used-for\/\" >\n\t\t\t\t<img decoding=\"async\" width=\"300\" height=\"300\" src=\"https:\/\/www.algoazul.pt\/wp-content\/uploads\/2023\/03\/Massagem-desportiva-300x300.jpg\" class=\"attachment-medium size-medium wp-image-19944\" alt=\"\" srcset=\"https:\/\/www.algoazul.pt\/wp-content\/uploads\/2023\/03\/Massagem-desportiva-300x300.jpg 300w, https:\/\/www.algoazul.pt\/wp-content\/uploads\/2023\/03\/Massagem-desportiva-150x150.jpg 150w, https:\/\/www.algoazul.pt\/wp-content\/uploads\/2023\/03\/Massagem-desportiva-768x768.jpg 768w, https:\/\/www.algoazul.pt\/wp-content\/uploads\/2023\/03\/Massagem-desportiva-600x600.jpg 600w, https:\/\/www.algoazul.pt\/wp-content\/uploads\/2023\/03\/Massagem-desportiva-100x100.jpg 100w, https:\/\/www.algoazul.pt\/wp-content\/uploads\/2023\/03\/Massagem-desportiva.jpg 800w\" sizes=\"(max-width: 300px) 100vw, 300px\" \/>\t\t\t<\/a>\n\t\t\t\t\t<\/div>\n\t\t\n\t\t\t\t\t\t<div class=\"thim-ekits-post__content\">\n\t\t\t\t<h3 class=\"thim-ekits-post__title\">\n\t\t<a href=\"https:\/\/www.algoazul.pt\/en\/what-is-sports-massage-used-for\/\" >\n\t\t\tWhat is sports massage used for?\t\t<\/a>\n\t\t<\/h3>\n\t\t \t\t<div class=\"thim-ekits-post__meta elementor-repeater-item-4f8d257 m-psi-start \">\n\t\t\t\n\t\t<span class=\"thim-ekits-post__date\">\n\t\t\t\t\t\tMarch 10, 2023\t\t<\/span>\n\n\t\t\t\t<\/div>\n\n\t\t\n\t\t<div class=\"thim-ekits-post__excerpt\">\n\t\t\tLearn more about this procedure that works to repair muscle tissue. Muscle pain is very common among athletes and can be a result of factors...\t\t<\/div>\n\n\t\t\t\t<a class=\"thim-ekits-post__read-more\"\n\t\t   href=\"https:\/\/www.algoazul.pt\/en\/what-is-sports-massage-used-for\/\" >\n\t\t\tRead More \u00bb\t\t\t\t\t<\/a>\n\t\t\t\t<\/div>\n\t\t\t\t\t\t\t<\/div>\n\t\t\t\t<div class=\"thim-ekits-post__article post-20497 post type-post status-publish format-standard has-post-thumbnail hentry category-blog-en tag-reiki-en\">\n\t\t\t\t\t\t\t\t\t<div class=\"thim-ekits-post__thumbnail\">\n\t\t\t<a class=\"post-thumbnail\"\n\t\t\t   href=\"https:\/\/www.algoazul.pt\/en\/the-main-benefits-of-reiki\/\" >\n\t\t\t\t<img loading=\"lazy\" decoding=\"async\" width=\"300\" height=\"169\" src=\"https:\/\/www.algoazul.pt\/wp-content\/uploads\/2023\/05\/original-1c056b7e0ff153e0a786ac6d2322ec10-1200x675-1-1200x675-1-300x169.jpeg\" class=\"attachment-medium size-medium wp-image-20494\" alt=\"\" srcset=\"https:\/\/www.algoazul.pt\/wp-content\/uploads\/2023\/05\/original-1c056b7e0ff153e0a786ac6d2322ec10-1200x675-1-1200x675-1-300x169.jpeg 300w, https:\/\/www.algoazul.pt\/wp-content\/uploads\/2023\/05\/original-1c056b7e0ff153e0a786ac6d2322ec10-1200x675-1-1200x675-1-1024x576.jpeg 1024w, https:\/\/www.algoazul.pt\/wp-content\/uploads\/2023\/05\/original-1c056b7e0ff153e0a786ac6d2322ec10-1200x675-1-1200x675-1-768x432.jpeg 768w, https:\/\/www.algoazul.pt\/wp-content\/uploads\/2023\/05\/original-1c056b7e0ff153e0a786ac6d2322ec10-1200x675-1-1200x675-1-600x338.jpeg 600w, https:\/\/www.algoazul.pt\/wp-content\/uploads\/2023\/05\/original-1c056b7e0ff153e0a786ac6d2322ec10-1200x675-1-1200x675-1.jpeg 1200w\" sizes=\"(max-width: 300px) 100vw, 300px\" \/>\t\t\t<\/a>\n\t\t\t\t\t<\/div>\n\t\t\n\t\t\t\t\t\t<div class=\"thim-ekits-post__content\">\n\t\t\t\t<h3 class=\"thim-ekits-post__title\">\n\t\t<a href=\"https:\/\/www.algoazul.pt\/en\/the-main-benefits-of-reiki\/\" >\n\t\t\tThe main benefits of Reiki\t\t<\/a>\n\t\t<\/h3>\n\t\t \t\t<div class=\"thim-ekits-post__meta elementor-repeater-item-4f8d257 m-psi-start \">\n\t\t\t\n\t\t<span class=\"thim-ekits-post__date\">\n\t\t\t\t\t\tMay 12, 2023\t\t<\/span>\n\n\t\t\t\t<\/div>\n\n\t\t\n\t\t<div class=\"thim-ekits-post__excerpt\">\n\t\t\tReiki is an integrative therapy, discovered by Mikao Usui in Japan, which provides physical and mental benefits. Check out the main benefits of Reiki: \u00a0...\t\t<\/div>\n\n\t\t\t\t<a class=\"thim-ekits-post__read-more\"\n\t\t   href=\"https:\/\/www.algoazul.pt\/en\/the-main-benefits-of-reiki\/\" >\n\t\t\tRead More \u00bb\t\t\t\t\t<\/a>\n\t\t\t\t<\/div>\n\t\t\t\t\t\t\t<\/div>\n\t\t\t\t\t\t<\/div>\n\t\t\t<\/div>\n\n\t\t\t\t\t<\/div>\n\t\t\t\t<\/div>\n\t\t\t\t\t<\/div>\n\t\t<\/div>\n\t\t\t\t\t<\/div>\n\t\t<\/section>\n\t\t\t\t<\/div>\n\t\t","protected":false},"excerpt":{"rendered":"<p>O que \u00e9 a Sauna e seus benef\u00edcios? Janeiro 25, 2023 A sauna consiste em ficar fechado durante algum tempo num espa\u00e7o reduzido e numa atmosfera seca que pode atingir temperaturas muito elevadas (superiores a 70\u00ba)&#8230;. Read More \u00bb<\/p>\n","protected":false},"author":1,"featured_media":0,"parent":0,"menu_order":0,"comment_status":"closed","ping_status":"closed","template":"","meta":{"footnotes":""},"class_list":["post-19790","page","type-page","status-publish","hentry"],"yoast_head":"<!-- This site is optimized with the Yoast SEO plugin v27.4 - https:\/\/yoast.com\/product\/yoast-seo-wordpress\/ -->\n<title>Blog - Algo Azul Spa Madeira | Spa Funchal | Massage Funchal<\/title>\n<meta name=\"robots\" content=\"index, follow, max-snippet:-1, max-image-preview:large, max-video-preview:-1\" \/>\n<link rel=\"canonical\" href=\"https:\/\/www.algoazul.pt\/en\/blog\/\" \/>\n<meta property=\"og:locale\" content=\"en_US\" \/>\n<meta property=\"og:type\" content=\"article\" \/>\n<meta property=\"og:title\" content=\"Blog - Algo Azul Spa Madeira | Spa Funchal | Massage Funchal\" \/>\n<meta property=\"og:description\" content=\"O que \u00e9 a Sauna e seus benef\u00edcios? Janeiro 25, 2023 A sauna consiste em ficar fechado durante algum tempo num espa\u00e7o reduzido e numa atmosfera seca que pode atingir temperaturas muito elevadas (superiores a 70\u00ba)&#8230;. Read More \u00bb\" \/>\n<meta property=\"og:url\" content=\"https:\/\/www.algoazul.pt\/en\/blog\/\" \/>\n<meta property=\"og:site_name\" content=\"Algo Azul Spa Madeira | Spa Funchal | Massage Funchal\" \/>\n<meta property=\"article:modified_time\" content=\"2023-01-25T10:45:00+00:00\" \/>\n<meta property=\"og:image\" content=\"https:\/\/www.algoazul.pt\/wp-content\/uploads\/2023\/01\/spa-300x261.jpeg\" \/>\n<meta name=\"twitter:card\" content=\"summary_large_image\" \/>\n<meta name=\"twitter:label1\" content=\"Est. reading time\" \/>\n\t<meta name=\"twitter:data1\" content=\"1 minute\" \/>\n<script type=\"application\/ld+json\" class=\"yoast-schema-graph\">{\"@context\":\"https:\\\/\\\/schema.org\",\"@graph\":[{\"@type\":\"WebPage\",\"@id\":\"https:\\\/\\\/www.algoazul.pt\\\/en\\\/blog\\\/\",\"url\":\"https:\\\/\\\/www.algoazul.pt\\\/en\\\/blog\\\/\",\"name\":\"Blog - Algo Azul Spa Madeira | Spa Funchal | Massage Funchal\",\"isPartOf\":{\"@id\":\"https:\\\/\\\/www.algoazul.pt\\\/#website\"},\"primaryImageOfPage\":{\"@id\":\"https:\\\/\\\/www.algoazul.pt\\\/en\\\/blog\\\/#primaryimage\"},\"image\":{\"@id\":\"https:\\\/\\\/www.algoazul.pt\\\/en\\\/blog\\\/#primaryimage\"},\"thumbnailUrl\":\"https:\\\/\\\/www.algoazul.pt\\\/wp-content\\\/uploads\\\/2023\\\/01\\\/spa-300x261.jpeg\",\"datePublished\":\"2022-12-02T20:22:12+00:00\",\"dateModified\":\"2023-01-25T10:45:00+00:00\",\"breadcrumb\":{\"@id\":\"https:\\\/\\\/www.algoazul.pt\\\/en\\\/blog\\\/#breadcrumb\"},\"inLanguage\":\"en-US\",\"potentialAction\":[{\"@type\":\"ReadAction\",\"target\":[\"https:\\\/\\\/www.algoazul.pt\\\/en\\\/blog\\\/\"]}]},{\"@type\":\"ImageObject\",\"inLanguage\":\"en-US\",\"@id\":\"https:\\\/\\\/www.algoazul.pt\\\/en\\\/blog\\\/#primaryimage\",\"url\":\"https:\\\/\\\/www.algoazul.pt\\\/wp-content\\\/uploads\\\/2023\\\/01\\\/spa-300x261.jpeg\",\"contentUrl\":\"https:\\\/\\\/www.algoazul.pt\\\/wp-content\\\/uploads\\\/2023\\\/01\\\/spa-300x261.jpeg\"},{\"@type\":\"BreadcrumbList\",\"@id\":\"https:\\\/\\\/www.algoazul.pt\\\/en\\\/blog\\\/#breadcrumb\",\"itemListElement\":[{\"@type\":\"ListItem\",\"position\":1,\"name\":\"In\u00edcio\",\"item\":\"https:\\\/\\\/www.algoazul.pt\\\/en\\\/\"},{\"@type\":\"ListItem\",\"position\":2,\"name\":\"Blog\"}]},{\"@type\":\"WebSite\",\"@id\":\"https:\\\/\\\/www.algoazul.pt\\\/#website\",\"url\":\"https:\\\/\\\/www.algoazul.pt\\\/\",\"name\":\"Algo Azul Spa Madeira | Spa Funchal | Massage Funchal\",\"description\":\"\",\"publisher\":{\"@id\":\"https:\\\/\\\/www.algoazul.pt\\\/#organization\"},\"potentialAction\":[{\"@type\":\"SearchAction\",\"target\":{\"@type\":\"EntryPoint\",\"urlTemplate\":\"https:\\\/\\\/www.algoazul.pt\\\/?s={search_term_string}\"},\"query-input\":{\"@type\":\"PropertyValueSpecification\",\"valueRequired\":true,\"valueName\":\"search_term_string\"}}],\"inLanguage\":\"en-US\"},{\"@type\":\"Organization\",\"@id\":\"https:\\\/\\\/www.algoazul.pt\\\/#organization\",\"name\":\"Algo Azul Spa Madeira | Spa Funchal | Massage Funchal\",\"url\":\"https:\\\/\\\/www.algoazul.pt\\\/\",\"logo\":{\"@type\":\"ImageObject\",\"inLanguage\":\"en-US\",\"@id\":\"https:\\\/\\\/www.algoazul.pt\\\/#\\\/schema\\\/logo\\\/image\\\/\",\"url\":\"https:\\\/\\\/www.algoazul.pt\\\/wp-content\\\/uploads\\\/2022\\\/12\\\/logo.png\",\"contentUrl\":\"https:\\\/\\\/www.algoazul.pt\\\/wp-content\\\/uploads\\\/2022\\\/12\\\/logo.png\",\"width\":190,\"height\":97,\"caption\":\"Algo Azul Spa Madeira | Spa Funchal | Massage Funchal\"},\"image\":{\"@id\":\"https:\\\/\\\/www.algoazul.pt\\\/#\\\/schema\\\/logo\\\/image\\\/\"}}]}<\/script>\n<!-- \/ Yoast SEO plugin. -->","yoast_head_json":{"title":"Blog - Algo Azul Spa Madeira | Spa Funchal | Massage Funchal","robots":{"index":"index","follow":"follow","max-snippet":"max-snippet:-1","max-image-preview":"max-image-preview:large","max-video-preview":"max-video-preview:-1"},"canonical":"https:\/\/www.algoazul.pt\/en\/blog\/","og_locale":"en_US","og_type":"article","og_title":"Blog - Algo Azul Spa Madeira | Spa Funchal | Massage Funchal","og_description":"O que \u00e9 a Sauna e seus benef\u00edcios? Janeiro 25, 2023 A sauna consiste em ficar fechado durante algum tempo num espa\u00e7o reduzido e numa atmosfera seca que pode atingir temperaturas muito elevadas (superiores a 70\u00ba)&#8230;. Read More \u00bb","og_url":"https:\/\/www.algoazul.pt\/en\/blog\/","og_site_name":"Algo Azul Spa Madeira | Spa Funchal | Massage Funchal","article_modified_time":"2023-01-25T10:45:00+00:00","og_image":[{"url":"https:\/\/www.algoazul.pt\/wp-content\/uploads\/2023\/01\/spa-300x261.jpeg","type":"","width":"","height":""}],"twitter_card":"summary_large_image","twitter_misc":{"Est. reading time":"1 minute"},"schema":{"@context":"https:\/\/schema.org","@graph":[{"@type":"WebPage","@id":"https:\/\/www.algoazul.pt\/en\/blog\/","url":"https:\/\/www.algoazul.pt\/en\/blog\/","name":"Blog - Algo Azul Spa Madeira | Spa Funchal | Massage Funchal","isPartOf":{"@id":"https:\/\/www.algoazul.pt\/#website"},"primaryImageOfPage":{"@id":"https:\/\/www.algoazul.pt\/en\/blog\/#primaryimage"},"image":{"@id":"https:\/\/www.algoazul.pt\/en\/blog\/#primaryimage"},"thumbnailUrl":"https:\/\/www.algoazul.pt\/wp-content\/uploads\/2023\/01\/spa-300x261.jpeg","datePublished":"2022-12-02T20:22:12+00:00","dateModified":"2023-01-25T10:45:00+00:00","breadcrumb":{"@id":"https:\/\/www.algoazul.pt\/en\/blog\/#breadcrumb"},"inLanguage":"en-US","potentialAction":[{"@type":"ReadAction","target":["https:\/\/www.algoazul.pt\/en\/blog\/"]}]},{"@type":"ImageObject","inLanguage":"en-US","@id":"https:\/\/www.algoazul.pt\/en\/blog\/#primaryimage","url":"https:\/\/www.algoazul.pt\/wp-content\/uploads\/2023\/01\/spa-300x261.jpeg","contentUrl":"https:\/\/www.algoazul.pt\/wp-content\/uploads\/2023\/01\/spa-300x261.jpeg"},{"@type":"BreadcrumbList","@id":"https:\/\/www.algoazul.pt\/en\/blog\/#breadcrumb","itemListElement":[{"@type":"ListItem","position":1,"name":"In\u00edcio","item":"https:\/\/www.algoazul.pt\/en\/"},{"@type":"ListItem","position":2,"name":"Blog"}]},{"@type":"WebSite","@id":"https:\/\/www.algoazul.pt\/#website","url":"https:\/\/www.algoazul.pt\/","name":"Algo Azul Spa Madeira | Spa Funchal | Massage Funchal","description":"","publisher":{"@id":"https:\/\/www.algoazul.pt\/#organization"},"potentialAction":[{"@type":"SearchAction","target":{"@type":"EntryPoint","urlTemplate":"https:\/\/www.algoazul.pt\/?s={search_term_string}"},"query-input":{"@type":"PropertyValueSpecification","valueRequired":true,"valueName":"search_term_string"}}],"inLanguage":"en-US"},{"@type":"Organization","@id":"https:\/\/www.algoazul.pt\/#organization","name":"Algo Azul Spa Madeira | Spa Funchal | Massage Funchal","url":"https:\/\/www.algoazul.pt\/","logo":{"@type":"ImageObject","inLanguage":"en-US","@id":"https:\/\/www.algoazul.pt\/#\/schema\/logo\/image\/","url":"https:\/\/www.algoazul.pt\/wp-content\/uploads\/2022\/12\/logo.png","contentUrl":"https:\/\/www.algoazul.pt\/wp-content\/uploads\/2022\/12\/logo.png","width":190,"height":97,"caption":"Algo Azul Spa Madeira | Spa Funchal | Massage Funchal"},"image":{"@id":"https:\/\/www.algoazul.pt\/#\/schema\/logo\/image\/"}}]}},"_links":{"self":[{"href":"https:\/\/www.algoazul.pt\/en\/wp-json\/wp\/v2\/pages\/19790","targetHints":{"allow":["GET"]}}],"collection":[{"href":"https:\/\/www.algoazul.pt\/en\/wp-json\/wp\/v2\/pages"}],"about":[{"href":"https:\/\/www.algoazul.pt\/en\/wp-json\/wp\/v2\/types\/page"}],"author":[{"embeddable":true,"href":"https:\/\/www.algoazul.pt\/en\/wp-json\/wp\/v2\/users\/1"}],"replies":[{"embeddable":true,"href":"https:\/\/www.algoazul.pt\/en\/wp-json\/wp\/v2\/comments?post=19790"}],"version-history":[{"count":0,"href":"https:\/\/www.algoazul.pt\/en\/wp-json\/wp\/v2\/pages\/19790\/revisions"}],"wp:attachment":[{"href":"https:\/\/www.algoazul.pt\/en\/wp-json\/wp\/v2\/media?parent=19790"}],"curies":[{"name":"wp","href":"https:\/\/api.w.org\/{rel}","templated":true}]}}